{"id":225,"date":"2024-06-11T00:25:09","date_gmt":"2024-06-11T00:25:09","guid":{"rendered":"https:\/\/curtamonle.com\/?page_id=225"},"modified":"2024-11-19T12:33:39","modified_gmt":"2024-11-19T12:33:39","slug":"danielle-ribeiro-oliveira","status":"publish","type":"page","link":"https:\/\/curtamonle.com\/?page_id=225","title":{"rendered":"DANIELLE RIBEIRO OLIVEIRA"},"content":{"rendered":"\n<p class=\"has-text-color\" style=\"color:#7a7a7a\">PATRIM\u00d4NIO E MEM\u00d3RIA DE JO\u00c3O MONLEVADE ATRAV\u00c9S DO GRAFFITI<\/p>\n\n\n\n<p>O projeto foi pensando em retratar o passado e presente, unindo elementos da est\u00e9tica do graffiti mais atuais como o uso de letras e personagens com elementos hist\u00f3ricos retratados nas fotografias disponibilizadas pela Casa de Cultura de Jo\u00e3o Monlevade, presentes em seu acervo. Escolhemos tal tem\u00e1tica por pensar na import\u00e2ncia de se trabalhar a mem\u00f3ria da cidade, j\u00e1 que em Jo\u00e3o Monlevade, no \u00e2mbito do graffiti, algo dessa forma seria inovador e faria com que a popula\u00e7\u00e3o toda se sinta representada no mural, tendo em vista que se trata da hist\u00f3ria da cidade<br>retratada no muro. Os desenhos que constar\u00e3o no mural, buscam trabalhar a diversidade da popula\u00e7\u00e3o monlevadense, atrav\u00e9s de diferentes tra\u00e7os e elementos culturais da cidade que ser\u00e3o representados, evidenciaremos no mural o cotidiano dos habitantes, dentro do setor cultural e art\u00edstico, a maternidade e os pequenos produtores locais. Tem como objetivo tamb\u00e9m, retratar o trabalho na cidade e em Minas, que \u00e9 muito voltado para o setor da minera\u00e7\u00e3o.<\/p>\n\n\n\n<p>Esse tipo de representa\u00e7\u00e3o art\u00edstica, \u00e9 democr\u00e1tico e de grande relev\u00e2ncia, tendo em vista que, diferentemente de um projeto fechado, se trata de algo p\u00fablico e aberto. Sendo assim, todas as pessoas que passarem por ali poder\u00e3o contemplar a arte. Atrav\u00e9s deste projeto, acreditamos que isso tamb\u00e9m trar\u00e1 mais for\u00e7a para o reconhecimento da import\u00e2ncia de se pensar sobre nossa mem\u00f3ria e constru\u00e7\u00e3o da nossa identidade, colocando em evid\u00eancia a pot\u00eancia do graffiti, entendendo-o como um forte elemento cultural e art\u00edstico, capaz de gerar reflex\u00e3o cr\u00edtica no observador.<br>Demonstrar\u00e1 tamb\u00e9m, para os grafiteiros da cidade, que \u00e9 poss\u00edvel que n\u00f3s, trabalhadores da arte urbana, tenhamos acesso a recursos p\u00fablicos de fomento para desenvolvimento da arte na cidade, entendendo tais recursos como direito e democratiza\u00e7\u00e3o do acesso \u00e0 cultura. A seguinte escola se localiza fora do centro da cidade, demonstrando tamb\u00e9m o car\u00e1ter necess\u00e1rio de descentraliza\u00e7\u00e3o das artes na cidade, tendo em vista a import\u00e2ncia de se fazer presente a cultura e a arte tamb\u00e9m fora do centro.<\/p>\n\n\n\n<figure class=\"wp-block-image alignwide size-full\"><img loading=\"lazy\" decoding=\"async\" width=\"960\" height=\"960\" src=\"https:\/\/curtamonle.com\/wp-content\/uploads\/2024\/06\/Danielle-Ribeiro-Oliveira.jpg\" alt=\"\" class=\"wp-image-81\" srcset=\"https:\/\/curtamonle.com\/wp-content\/uploads\/2024\/06\/Danielle-Ribeiro-Oliveira.jpg 960w, https:\/\/curtamonle.com\/wp-content\/uploads\/2024\/06\/Danielle-Ribeiro-Oliveira-300x300.jpg 300w, https:\/\/curtamonle.com\/wp-content\/uploads\/2024\/06\/Danielle-Ribeiro-Oliveira-150x150.jpg 150w\" sizes=\"auto, (max-width: 960px) 100vw, 960px\" \/><\/figure>\n\n\n\n<p><\/p>\n\n\n\n<p><\/p>\n\n\n\n<p><\/p>\n\n\n\n<figure class=\"wp-block-image alignfull size-large\"><img loading=\"lazy\" decoding=\"async\" width=\"1024\" height=\"140\" src=\"https:\/\/curtamonle.com\/wp-content\/uploads\/2024\/06\/banner6-scaled-1-1024x140.jpg\" alt=\"\" class=\"wp-image-340\" srcset=\"https:\/\/curtamonle.com\/wp-content\/uploads\/2024\/06\/banner6-scaled-1-1024x140.jpg 1024w, https:\/\/curtamonle.com\/wp-content\/uploads\/2024\/06\/banner6-scaled-1-300x41.jpg 300w, https:\/\/curtamonle.com\/wp-content\/uploads\/2024\/06\/banner6-scaled-1-2000x274.jpg 2000w\" sizes=\"auto, (max-width: 1024px) 100vw, 1024px\" \/><\/figure>\n\n\n\n<p><\/p>\n","protected":false},"excerpt":{"rendered":"<p>PATRIM\u00d4NIO E MEM\u00d3RIA DE JO\u00c3O MONLEVADE ATRAV\u00c9S DO GRAFFITI O projeto foi pensando em retratar o passado e presente, unindo elementos da est\u00e9tica do graffiti mais atuais como o uso de letras e personagens com elementos hist\u00f3ricos retratados nas fotografias disponibilizadas pela Casa de Cultura de Jo\u00e3o Monlevade, presentes em seu acervo. Escolhemos tal tem\u00e1tica &hellip; <\/p>\n<p class=\"link-more\"><a href=\"https:\/\/curtamonle.com\/?page_id=225\" class=\"more-link\">Leia mais<span class=\"screen-reader-text\"> &#8220;DANIELLE RIBEIRO OLIVEIRA&#8221;<\/span><\/a><\/p>\n","protected":false},"author":1,"featured_media":81,"parent":0,"menu_order":0,"comment_status":"closed","ping_status":"closed","template":"","meta":{"inspiro_hide_title":false,"footnotes":""},"class_list":["post-225","page","type-page","status-publish","has-post-thumbnail","hentry"],"_links":{"self":[{"href":"https:\/\/curtamonle.com\/index.php?rest_route=\/wp\/v2\/pages\/225","targetHints":{"allow":["GET"]}}],"collection":[{"href":"https:\/\/curtamonle.com\/index.php?rest_route=\/wp\/v2\/pages"}],"about":[{"href":"https:\/\/curtamonle.com\/index.php?rest_route=\/wp\/v2\/types\/page"}],"author":[{"embeddable":true,"href":"https:\/\/curtamonle.com\/index.php?rest_route=\/wp\/v2\/users\/1"}],"replies":[{"embeddable":true,"href":"https:\/\/curtamonle.com\/index.php?rest_route=%2Fwp%2Fv2%2Fcomments&post=225"}],"version-history":[{"count":3,"href":"https:\/\/curtamonle.com\/index.php?rest_route=\/wp\/v2\/pages\/225\/revisions"}],"predecessor-version":[{"id":489,"href":"https:\/\/curtamonle.com\/index.php?rest_route=\/wp\/v2\/pages\/225\/revisions\/489"}],"wp:featuredmedia":[{"embeddable":true,"href":"https:\/\/curtamonle.com\/index.php?rest_route=\/wp\/v2\/media\/81"}],"wp:attachment":[{"href":"https:\/\/curtamonle.com\/index.php?rest_route=%2Fwp%2Fv2%2Fmedia&parent=225"}],"curies":[{"name":"wp","href":"https:\/\/api.w.org\/{rel}","templated":true}]}}